{"id":8889,"date":"2025-03-12T12:08:20","date_gmt":"2025-03-12T11:08:20","guid":{"rendered":"https:\/\/identpro.de\/?page_id=8889"},"modified":"2026-01-08T12:47:25","modified_gmt":"2026-01-08T11:47:25","slug":"asahi-case","status":"publish","type":"page","link":"https:\/\/identpro.de\/en\/asahi-case\/","title":{"rendered":"Asahi case"},"content":{"rendered":"<div class=\"gb-container gb-container-e9bae796 alignfull\">\n<div class=\"gb-container gb-container-7efb0218\">\n<div class=\"gb-container gb-container-6b105a9c\">\n\n<figure class=\"gb-block-image gb-block-image-c73672ee\"><img decoding=\"async\" width=\"695\" height=\"443\" class=\"gb-image gb-image-c73672ee\" src=\"https:\/\/identpro.de\/wp-content\/uploads\/2025\/03\/Aufkleber-Pilsner.png\" alt=\"Aufkleber Pilsner\" title=\"Aufkleber-Pilsner\" srcset=\"https:\/\/identpro.de\/wp-content\/uploads\/2025\/03\/Aufkleber-Pilsner.png 695w, https:\/\/identpro.de\/wp-content\/uploads\/2025\/03\/Aufkleber-Pilsner-300x191.png 300w\" sizes=\"(max-width: 695px) 100vw, 695px\" \/><\/figure>\n\n<\/div>\n\n<div class=\"gb-container gb-container-5551e70a\"><div class=\"gb-inside-container\">\n<div class=\"gb-container gb-container-7ac79619\"><div class=\"gb-inside-container\">\n\n<h1 class=\"gb-headline gb-headline-4baf24e1 gb-headline-text\">Case Study: <strong><strong>Pilsner Urquell \u2013 The Future of Empty Container Handling<\/strong><\/strong>&nbsp;<\/h1>\n\n<\/div><\/div>\n<\/div><\/div>\n<\/div>\n<\/div>\n\n\n<div style=\"height:35px\" aria-hidden=\"true\" class=\"wp-block-spacer\"><\/div>\n\n\n<div class=\"gb-container gb-container-8f298838\">\n\n<h2 class=\"gb-headline gb-headline-6dbf74e4 gb-headline-text\">Efficiency Improvement through Real-Time Tracking with IdentPro&nbsp;<\/h2>\n\n\n\n<p><a href=\"https:\/\/pilsnerurquell.com\/de\/en\/\" target=\"_blank\" rel=\"noopener\" title=\"Pilsner Urquell\">Pilsner Urquell<\/a>, one of the world&#8217;s most renowned breweries and part of the international <a href=\"https:\/\/asahigroup-holdings.com\/en\/\" target=\"_blank\" rel=\"noopener\" title=\"Asahi Group\">Asahi Group<\/a>, faced the challenge of making its warehouse processes more efficient. In particular, the tracking of KEGs (returnable barrels), overall empty handling, and warehouse logistics needed to be optimized. Manual scanning had to be eliminated to streamline processes, increase transparency, and improve warehouse safety.&nbsp;<\/p>\n\n<\/div>\n\n<div class=\"gb-container gb-container-98c86d1a\">\n\n<h3 class=\"gb-headline gb-headline-d5fb76a1 gb-headline-text\">RTLS Makes the Difference&nbsp;<\/h3>\n\n\n\n<p>Goods movements in most warehouses require significant manual effort. Employees must step off the forklift to correctly scan goods using handheld devices. This process is not only cumbersome but also a crucial factor in warehouse safety. With the introduction of the <strong><a href=\"https:\/\/identpro.de\/en\/warehouse-execution-system\/\" target=\"_blank\" rel=\"noopener\" title=\"Warehouse Execution System (WES)\">Warehouse Execution System (WES)<\/a><\/strong> from IdentPro, these processes in Pilsen have changed. Real-time localization enables the entire warehouse inventory to be tracked. To achieve this, the existing forklifts were equipped with IoT kits, allowing real-time tracking of all stock. The AI-powered software then creates a digital twin in real time, enabling intelligent task management for forklift operators.&nbsp;<\/p>\n\n\n<style>.kb-advanced-slider-8889_3a3469-b7 .kb-slider-pause-button{color:#fff;background-color:rgba(0, 0, 0, 0.8);border:1px solid transparent;}<\/style><div class=\"kb-advanced-slider kb-advanced-slider-8889_3a3469-b7 wp-block-kadence-slider\"><div class=\"kb-advanced-slider-inner-contain kb-adv-slider-html-version-2\"><div class=\"kb-blocks-advanced-carousel kt-blocks-carousel kt-carousel-container-dotstyle-dark\"><div class=\"kb-blocks-advanced-slider-init kb-slider-loading kb-blocks-slider kt-carousel-arrowstyle-whiteondark kt-carousel-dotstyle-dark kb-slider-size-ratio kb-slider-type-slider kb-slider-ratio-16-9 kb-slider-group-arrow kb-slider-arrow-position-center kb-slider-tab-ratio-inherit kb-slider-mobile-ratio-inherit splide kb-splide  kb-slider-version-2\" aria-label=\"Slider content\" data-slider-center-mode=\"true\" data-slider-type=\"slider\" data-loop-type=\"loop\" data-columns-xxl=\"3\" data-columns-xl=\"3\" data-columns-md=\"3\" data-columns-sm=\"2\" data-columns-xs=\"1\" data-columns-ss=\"1\" data-slider-anim-speed=\"400\" data-slider-scroll=\"1\" data-slider-fade=\"true\" data-slider-arrows=\"true\" data-slider-dots=\"true\" data-slider-hover-pause=\"false\" data-slider-auto=\"false\"  data-dragging=\"true\" data-slider-speed=\"7000\" data-slider-gap=\"30\" data-slider-gap-tablet=\"30\" data-slider-gap-mobile=\"30\" data-slider-gap-unit=\"px\"><div class=\"splide__track\"><ul class=\"splide__list\">\n\n<li class=\"wp-block-kadence-slide kb-advanced-slide-item kb-slide-8889_b3fd29-e9\"><div class=\"kb-advanced-slide\"><div class=\"kb-advanced-slide-inner-wrap\"><div class=\"kb-advanced-slide-inner\">\n<figure class=\"wp-block-image size-large\"><img decoding=\"async\" width=\"1024\" height=\"683\" src=\"https:\/\/identpro.de\/wp-content\/uploads\/2025\/03\/Identpro-15_Links-Tomas_Sedlacek_rechts-Erik_van_Rikxoort-1024x683.jpg\" alt=\"Tomas Sedl\u00e1\u010dek &amp; Erik Van Rikxoort\" class=\"wp-image-8871\" srcset=\"https:\/\/identpro.de\/wp-content\/uploads\/2025\/03\/Identpro-15_Links-Tomas_Sedlacek_rechts-Erik_van_Rikxoort-1024x683.jpg 1024w, https:\/\/identpro.de\/wp-content\/uploads\/2025\/03\/Identpro-15_Links-Tomas_Sedlacek_rechts-Erik_van_Rikxoort-300x200.jpg 300w, https:\/\/identpro.de\/wp-content\/uploads\/2025\/03\/Identpro-15_Links-Tomas_Sedlacek_rechts-Erik_van_Rikxoort-768x512.jpg 768w, https:\/\/identpro.de\/wp-content\/uploads\/2025\/03\/Identpro-15_Links-Tomas_Sedlacek_rechts-Erik_van_Rikxoort-1536x1025.jpg 1536w, https:\/\/identpro.de\/wp-content\/uploads\/2025\/03\/Identpro-15_Links-Tomas_Sedlacek_rechts-Erik_van_Rikxoort-2048x1366.jpg 2048w, https:\/\/identpro.de\/wp-content\/uploads\/2025\/03\/Identpro-15_Links-Tomas_Sedlacek_rechts-Erik_van_Rikxoort-1200x800.jpg 1200w\" sizes=\"(max-width: 1024px) 100vw, 1024px\" \/><\/figure>\n<\/div><\/div><\/div><\/li>\n\n\n\n<li class=\"wp-block-kadence-slide kb-advanced-slide-item kb-slide-8889_533385-23\"><div class=\"kb-advanced-slide\"><div class=\"kb-advanced-slide-inner-wrap\"><div class=\"kb-advanced-slide-inner\">\n<figure class=\"wp-block-image size-large\"><img decoding=\"async\" src=\"https:\/\/identpro.de\/wp-content\/uploads\/2025\/03\/RTLS-Asahi-1024x722.jpg\" alt=\"RTLS at PilsnerUrquell\/Asahi\" class=\"wp-image-8875\" style=\"object-fit:cover\"\/><\/figure>\n<\/div><\/div><\/div><\/li>\n\n<\/ul><\/div><\/div><\/div><\/div><\/div>\n\n\n<div style=\"height:35px\" aria-hidden=\"true\" class=\"wp-block-spacer\"><\/div>\n\n\n\n<h4 class=\"gb-headline gb-headline-264d11a0 gb-headline-text\">No More Scanning: From Empties to Full Bottles \/ KEGs!&nbsp;<\/h4>\n\n\n\n<p>A key advantage of WES is the elimination of manual scanning in the warehouse. There are two different approaches for the automatic integration of empties (also KEGs) and full bottles \/ KEGs. For seamless tracking of all goods, an automatic detection system was implemented at the filling station\u2019s conveyor belts. This allows barrels to be automatically recorded in the system and directly stored. In contrast, empties do not have unique identifiers and therefore cannot be automatically captured. With WES, warehouse specialists no longer need to leave their vehicles for scanning; instead, they can register empty containers directly via forklift terminals.&nbsp;<\/p>\n\n<\/div>\n\n<div class=\"gb-container gb-container-0917221a alignfull\">\n<style>.kt-blocks-testimonials-wrap8889_f67589-93 .kt-svg-testimonial-global-icon{font-size:30px;}.kt-blocks-testimonials-wrap8889_f67589-93 .kt-testimonial-item-0 .kt-svg-testimonial-icon{font-size:50px;}.kt-blocks-testimonials-wrap8889_f67589-93 .kt-testimonial-rating-wrap .kb-svg-icon-wrap{color:#ffd700;font-size:16px;}.kt-blocks-testimonials-wrap8889_f67589-93 .kt-testimonial-grid-wrap{gap:var(--global-kb-gap-md, 2rem);}.kt-blocks-testimonials-wrap8889_f67589-93 .kt-testimonial-item-wrap .kt-testimonial-text-wrap{padding-top:20px;padding-right:20px;padding-bottom:20px;padding-left:20px;}.kt-blocks-testimonials-wrap8889_f67589-93 .kt-testimonial-name{color:var(--ident-pro-blau);}.kt-blocks-testimonials-wrap8889_f67589-93 .kt-testimonial-occupation{color:var(--ident-pro-blau);font-size:15px;}.kt-blocks-testimonials-wrap8889_f67589-93 .kt-testimonial-item-wrap{max-width:1115px;}.kt-blocks-testimonials-wrap8889_f67589-93 .kt-testimonial-item-wrap .kt-testimonial-text-wrap{background:var(--ident-pro-cyan);max-width:1115px;}.kt-blocks-testimonials-wrap8889_f67589-93 .kt-testimonial-media-inner-wrap{width:60px;border-top:0px solid;border-right:0px solid;border-bottom:0px solid;border-left:0px solid;padding-top:0px;padding-right:0px;padding-bottom:0px;padding-left:0px;}.kt-blocks-testimonials-wrap8889_f67589-93 .kt-svg-testimonial-icon{justify-content:center;align-items:center;}@media all and (max-width: 1024px){.kt-blocks-testimonials-wrap8889_f67589-93 .kt-testimonial-media-inner-wrap{border-top:0px solid;border-right:0px solid;border-bottom:0px solid;border-left:0px solid;}}@media all and (max-width: 767px){.kt-blocks-testimonials-wrap8889_f67589-93{padding-top:px;padding-bottom:px;margin-top:px;margin-bottom:px;}.kt-blocks-testimonials-wrap8889_f67589-93 .kt-testimonial-media-inner-wrap{border-top:0px solid;border-right:0px solid;border-bottom:0px solid;border-left:0px solid;}}<\/style><div class=\"kt-blocks-testimonials-wrap8889_f67589-93 kt-testimonial-halign-center kt-testimonial-style-bubble kt-testimonials-media-on kt-testimonials-icon-off kt-testimonial-columns-1 kt-t-xxl-col-1 kt-t-xl-col-1 kt-t-lg-col-1 kt-t-md-col-1 kt-t-sm-col-1 kt-t-xs-col-1 wp-block-kadence-testimonials\"><ul class=\"kt-blocks-testimonials-inner-wrap kt-testimonial-grid-wrap\">\n<li class=\"kt-testimonial-grid-item\"><div class=\"kt-testimonial-item-wrap kt-testimonial-item-8889_06835d-a1 wp-block-kadence-testimonial\"><div class=\"kt-testimonial-text-wrap\"><div class=\"kt-testimonial-title-wrap\"><h2 class=\"kt-testimonial-title\">Statement<\/h2><\/div><div class=\"kt-testimonial-content-wrap\"><blockquote class=\"kt-testimonial-content\"><em>\u201eOur primary goals were to enhance efficiency, increase accuracy through real-time inventory tracking, and, of course, create a safer working environment. The implementation of WES has brought immediate and significant improvements in handling empty containers, and most importantly, we have completely stopped scanning.\u201c <\/em><\/blockquote><\/div><\/div><div class=\"kt-testimonial-meta-wrap\"><div class=\"kt-testimonial-media-wrap\"><div class=\"kt-testimonial-media-inner-wrap\"><div class=\"kadence-testimonial-image-intrisic\"><div class=\"kt-svg-testimonial-icon kt-svg-testimonial-icon-ic_person\"><svg viewBox=\"0 0 8 8\"  fill=\"currentColor\" xmlns=\"http:\/\/www.w3.org\/2000\/svg\"   height=\"43\" width=\"43\" style=\"color: var(--ident-pro-cyan)\" role=\"img\"><path d=\"M4 0c-1.1 0-2 1.12-2 2.5s.9 2.5 2 2.5 2-1.12 2-2.5-.9-2.5-2-2.5zm-2.09 5c-1.06.05-1.91.92-1.91 2v1h8v-1c0-1.08-.84-1.95-1.91-2-.54.61-1.28 1-2.09 1-.81 0-1.55-.39-2.09-1z\"\/><\/svg><\/div><\/div><\/div><\/div><div class=\"kt-testimonial-meta-name-wrap\"><div class=\"kt-testimonial-name-wrap\"><div class=\"kt-testimonial-name\"><br>Tom\u00e1\u0161 Sedl\u00e1\u010dek<\/div><\/div><div class=\"kt-testimonial-occupation-wrap\"><div class=\"kt-testimonial-occupation\">Pilsner Urquell \/ Asahi<\/div><\/div><\/div><\/div><\/div><\/li>\n<\/ul><\/div>\n<\/div>\n\n<div class=\"gb-container gb-container-c3bc464b\">\n\n<h5 class=\"gb-headline gb-headline-3955dccc gb-headline-text\">Seamless Integration into the IT System Landscape&nbsp;<\/h5>\n\n\n\n<p>For comprehensive logistics planning, it is essential that real-time data is automatically transferred to existing systems. Through interfaces, WES can be seamlessly connected to the existing ERP system, providing direct access to live inventory data. With this information, faster and more precise decisions can be made.&nbsp;<\/p>\n\n<\/div>\n\n\n<div style=\"height:10px\" aria-hidden=\"true\" class=\"wp-block-spacer\"><\/div>\n\n\n<div class=\"gb-container gb-container-25c79d8d\">\n<div class=\"gb-grid-wrapper gb-grid-wrapper-9711dc65\">\n<div class=\"gb-grid-column gb-grid-column-7ebc7bce\"><div class=\"gb-container gb-container-7ebc7bce\">\n\n<p class=\"gb-headline gb-headline-4020603f gb-headline-text\">Results&nbsp;<\/p>\n\n\n\n<p>Thanks to IdentPro\u2019s smart <strong>WES technology<\/strong>, Pilsner Urquell was able to:<\/p>\n\n\n<style>.wp-block-kadence-iconlist.kt-svg-icon-list-items8889_3045e9-9f:not(.this-stops-third-party-issues){margin-top:0px;margin-bottom:0px;}.wp-block-kadence-iconlist.kt-svg-icon-list-items8889_3045e9-9f ul.kt-svg-icon-list:not(.this-prevents-issues):not(.this-stops-third-party-issues):not(.tijsloc){margin-top:0px;margin-right:0px;margin-bottom:10px;margin-left:0px;}.wp-block-kadence-iconlist.kt-svg-icon-list-items8889_3045e9-9f ul.kt-svg-icon-list{grid-row-gap:5px;}.wp-block-kadence-iconlist.kt-svg-icon-list-items8889_3045e9-9f ul.kt-svg-icon-list .kt-svg-icon-list-item-wrap .kt-svg-icon-list-single{margin-right:10px;}<\/style>\n<div class=\"wp-block-kadence-iconlist kt-svg-icon-list-items kt-svg-icon-list-items8889_3045e9-9f kt-svg-icon-list-columns-1 alignnone kt-list-icon-aligntop\"><ul class=\"kt-svg-icon-list\"><style>.kt-svg-icon-list-item-8889_5a0f6f-c1 .kt-svg-icon-list-single{font-size:25px !important;color:var(--ident-pro-gelb) !important;}.kt-svg-icon-list-item-8889_5a0f6f-c1 .kt-svg-icon-list-text mark.kt-highlight{background-color:unset;font-style:normal;color:#f76a0c;-webkit-box-decoration-break:clone;box-decoration-break:clone;padding-top:0px;padding-right:0px;padding-bottom:0px;padding-left:0px;}<\/style>\n<li class=\"wp-block-kadence-listitem kt-svg-icon-list-item-wrap kt-svg-icon-list-item-8889_5a0f6f-c1 kt-svg-icon-list-style-default\"><span class=\"kb-svg-icon-wrap kb-svg-icon-fas_check-circle kt-svg-icon-list-single\"><svg viewBox=\"0 0 512 512\"  fill=\"currentColor\" xmlns=\"http:\/\/www.w3.org\/2000\/svg\"  aria-hidden=\"true\"><path d=\"M504 256c0 136.967-111.033 248-248 248S8 392.967 8 256 119.033 8 256 8s248 111.033 248 248zM227.314 387.314l184-184c6.248-6.248 6.248-16.379 0-22.627l-22.627-22.627c-6.248-6.249-16.379-6.249-22.628 0L216 308.118l-70.059-70.059c-6.248-6.248-16.379-6.248-22.628 0l-22.627 22.627c-6.248 6.248-6.248 16.379 0 22.627l104 104c6.249 6.249 16.379 6.249 22.628.001z\"\/><\/svg><\/span><span class=\"kt-svg-icon-list-text\"><strong>Eliminate manual scanning<\/strong> and speed up workflows.<\/span><\/li>\n\n\n<style>.kt-svg-icon-list-item-8889_87e5c7-9a .kt-svg-icon-list-single{font-size:25px !important;color:var(--ident-pro-gelb) !important;}.kt-svg-icon-list-item-8889_87e5c7-9a .kt-svg-icon-list-text mark.kt-highlight{background-color:unset;font-style:normal;color:#f76a0c;-webkit-box-decoration-break:clone;box-decoration-break:clone;padding-top:0px;padding-right:0px;padding-bottom:0px;padding-left:0px;}<\/style>\n<li class=\"wp-block-kadence-listitem kt-svg-icon-list-item-wrap kt-svg-icon-list-item-8889_87e5c7-9a kt-svg-icon-list-style-default\"><span class=\"kb-svg-icon-wrap kb-svg-icon-fas_check-circle kt-svg-icon-list-single\"><svg viewBox=\"0 0 512 512\"  fill=\"currentColor\" xmlns=\"http:\/\/www.w3.org\/2000\/svg\"  aria-hidden=\"true\"><path d=\"M504 256c0 136.967-111.033 248-248 248S8 392.967 8 256 119.033 8 256 8s248 111.033 248 248zM227.314 387.314l184-184c6.248-6.248 6.248-16.379 0-22.627l-22.627-22.627c-6.248-6.249-16.379-6.249-22.628 0L216 308.118l-70.059-70.059c-6.248-6.248-16.379-6.248-22.628 0l-22.627 22.627c-6.248 6.248-6.248 16.379 0 22.627l104 104c6.249 6.249 16.379 6.249 22.628.001z\"\/><\/svg><\/span><span class=\"kt-svg-icon-list-text\"><strong>Optimize empty container processes<\/strong> and improve replenishment management.<\/span><\/li>\n\n\n<style>.kt-svg-icon-list-item-8889_f1eeba-84 .kt-svg-icon-list-single{font-size:25px !important;color:var(--ident-pro-gelb) !important;}.kt-svg-icon-list-item-8889_f1eeba-84 .kt-svg-icon-list-text mark.kt-highlight{background-color:unset;font-style:normal;color:#f76a0c;-webkit-box-decoration-break:clone;box-decoration-break:clone;padding-top:0px;padding-right:0px;padding-bottom:0px;padding-left:0px;}<\/style>\n<li class=\"wp-block-kadence-listitem kt-svg-icon-list-item-wrap kt-svg-icon-list-item-8889_f1eeba-84 kt-svg-icon-list-style-default\"><span class=\"kb-svg-icon-wrap kb-svg-icon-fas_check-circle kt-svg-icon-list-single\"><svg viewBox=\"0 0 512 512\"  fill=\"currentColor\" xmlns=\"http:\/\/www.w3.org\/2000\/svg\"  aria-hidden=\"true\"><path d=\"M504 256c0 136.967-111.033 248-248 248S8 392.967 8 256 119.033 8 256 8s248 111.033 248 248zM227.314 387.314l184-184c6.248-6.248 6.248-16.379 0-22.627l-22.627-22.627c-6.248-6.249-16.379-6.249-22.628 0L216 308.118l-70.059-70.059c-6.248-6.248-16.379-6.248-22.628 0l-22.627 22.627c-6.248 6.248-6.248 16.379 0 22.627l104 104c6.249 6.249 16.379 6.249 22.628.001z\"\/><\/svg><\/span><span class=\"kt-svg-icon-list-text\"><strong>Enhance warehouse safety<\/strong> through automated security features.<\/span><\/li>\n\n\n<style>.kt-svg-icon-list-item-8889_990b5b-3c .kt-svg-icon-list-single{font-size:25px !important;color:var(--ident-pro-gelb) !important;}.kt-svg-icon-list-item-8889_990b5b-3c .kt-svg-icon-list-text mark.kt-highlight{background-color:unset;font-style:normal;color:#f76a0c;-webkit-box-decoration-break:clone;box-decoration-break:clone;padding-top:0px;padding-right:0px;padding-bottom:0px;padding-left:0px;}<\/style>\n<li class=\"wp-block-kadence-listitem kt-svg-icon-list-item-wrap kt-svg-icon-list-item-8889_990b5b-3c kt-svg-icon-list-style-default\"><span class=\"kb-svg-icon-wrap kb-svg-icon-fas_check-circle kt-svg-icon-list-single\"><svg viewBox=\"0 0 512 512\"  fill=\"currentColor\" xmlns=\"http:\/\/www.w3.org\/2000\/svg\"  aria-hidden=\"true\"><path d=\"M504 256c0 136.967-111.033 248-248 248S8 392.967 8 256 119.033 8 256 8s248 111.033 248 248zM227.314 387.314l184-184c6.248-6.248 6.248-16.379 0-22.627l-22.627-22.627c-6.248-6.249-16.379-6.249-22.628 0L216 308.118l-70.059-70.059c-6.248-6.248-16.379-6.248-22.628 0l-22.627 22.627c-6.248 6.248-6.248 16.379 0 22.627l104 104c6.249 6.249 16.379 6.249 22.628.001z\"\/><\/svg><\/span><span class=\"kt-svg-icon-list-text\"><strong>Ensure seamless integration into existing systems<\/strong>.<\/span><\/li>\n\n\n<style>.kt-svg-icon-list-item-8889_618399-99 .kt-svg-icon-list-single{font-size:25px !important;color:var(--ident-pro-gelb) !important;}.kt-svg-icon-list-item-8889_618399-99 .kt-svg-icon-list-text mark.kt-highlight{background-color:unset;font-style:normal;color:#f76a0c;-webkit-box-decoration-break:clone;box-decoration-break:clone;padding-top:0px;padding-right:0px;padding-bottom:0px;padding-left:0px;}<\/style>\n<li class=\"wp-block-kadence-listitem kt-svg-icon-list-item-wrap kt-svg-icon-list-item-8889_618399-99 kt-svg-icon-list-style-default\"><span class=\"kb-svg-icon-wrap kb-svg-icon-fas_check-circle kt-svg-icon-list-single\"><svg viewBox=\"0 0 512 512\"  fill=\"currentColor\" xmlns=\"http:\/\/www.w3.org\/2000\/svg\"  aria-hidden=\"true\"><path d=\"M504 256c0 136.967-111.033 248-248 248S8 392.967 8 256 119.033 8 256 8s248 111.033 248 248zM227.314 387.314l184-184c6.248-6.248 6.248-16.379 0-22.627l-22.627-22.627c-6.248-6.249-16.379-6.249-22.628 0L216 308.118l-70.059-70.059c-6.248-6.248-16.379-6.248-22.628 0l-22.627 22.627c-6.248 6.248-6.248 16.379 0 22.627l104 104c6.249 6.249 16.379 6.249 22.628.001z\"\/><\/svg><\/span><span class=\"kt-svg-icon-list-text\"><strong>Optimize the ERP system with real-time data<\/strong> to enable data-driven decision-making.<\/span><\/li>\n<\/ul><\/div>\n\n<\/div><\/div>\n\n<div class=\"gb-grid-column gb-grid-column-ef41d729\"><div class=\"gb-container gb-container-ef41d729\">\n\n<p class=\"gb-headline gb-headline-e5c3a242 gb-headline-text wp-embed-aspect-16-9 wp-has-aspect-ratio\">Experience innovation in action:<\/p>\n\n\n<figure class=\"wp-block-embed-youtube wp-block-embed is-type-video is-provider-youtube wp-embed-aspect-16-9 wp-has-aspect-ratio\"><div class=\"lyte-wrapper\" style=\"width:640px;max-width:100%;margin:5px auto;\"><div class=\"lyMe\" id=\"WYL_Pp3HTanQIAM\"><div id=\"lyte_Pp3HTanQIAM\" data-src=\"https:\/\/identpro.de\/wp-content\/plugins\/wp-youtube-lyte\/lyteCache.php?origThumbUrl=%2F%2Fi.ytimg.com%2Fvi%2FPp3HTanQIAM%2Fhqdefault.jpg\" class=\"pL\"><div class=\"tC\"><div class=\"tT\"><\/div><\/div><div class=\"play\"><\/div><div class=\"ctrl\"><div class=\"Lctrl\"><\/div><div class=\"Rctrl\"><\/div><\/div><\/div><noscript><a href=\"https:\/\/youtu.be\/Pp3HTanQIAM\" rel=\"nofollow\"><img decoding=\"async\" src=\"https:\/\/identpro.de\/wp-content\/plugins\/wp-youtube-lyte\/lyteCache.php?origThumbUrl=https%3A%2F%2Fi.ytimg.com%2Fvi%2FPp3HTanQIAM%2F0.jpg\" alt=\"YouTube video thumbnail\" width=\"640\" height=\"340\" \/><br \/>Watch this video on YouTube<\/a><\/noscript><\/div><\/div><div class=\"lL\" style=\"max-width:100%;width:640px;margin:5px auto;\"><\/div><figcaption><\/figcaption><\/figure>\n<\/div><\/div>\n<\/div>\n<\/div>\n\n\n<div style=\"height:10px\" aria-hidden=\"true\" class=\"wp-block-spacer\"><\/div>\n\n\n<div class=\"gb-container gb-container-6c7d2d69 alignfull\"><div class=\"gb-inside-container\">\n<div class=\"gb-container gb-container-849d81ac\">\n\n<h6 class=\"gb-headline gb-headline-c65a0dbe gb-headline-text\">Looking Ahead&nbsp;<\/h6>\n\n\n\n<p>Pilsner Urquell is excited about the <strong>efficiency gains achieved with IdentPro<\/strong> and plans to <strong>expand the solution to additional sites within the Asahi Group<\/strong>.<\/p>\n\n\n\n<div style=\"height:52px\" aria-hidden=\"true\" class=\"wp-block-spacer\"><\/div>\n\n<\/div>\n<\/div><\/div>","protected":false},"excerpt":{"rendered":"<p>Case Study: Pilsner Urquell \u2013 The Future of Empty Container Handling&nbsp; Efficiency Improvement through Real-Time Tracking with IdentPro&nbsp; Pilsner Urquell, one of the world&#8217;s most renowned breweries and part of the international Asahi Group, faced the challenge of making its warehouse processes more efficient. In particular, the tracking of KEGs (returnable barrels), overall empty handling, &#8230; <a title=\"Asahi case\" class=\"read-more\" href=\"https:\/\/identpro.de\/en\/asahi-case\/\" aria-label=\"Read more about Asahi case\">Weiterlesen &#8230;<\/a><\/p>\n","protected":false},"author":2,"featured_media":0,"parent":0,"menu_order":0,"comment_status":"closed","ping_status":"closed","template":"","meta":{"content-type":"","_uag_custom_page_level_css":"","_kad_blocks_custom_css":"","_kad_blocks_head_custom_js":"","_kad_blocks_body_custom_js":"","_kad_blocks_footer_custom_js":"","slim_seo":{"title":"Asahi case - Identpro","description":""},"footnotes":""},"class_list":["post-8889","page","type-page","status-publish"],"taxonomy_info":[],"featured_image_src_large":false,"author_info":{"display_name":"Jennifer Hahn","author_link":"https:\/\/identpro.de\/en\/author\/jennifer\/"},"comment_info":0,"uagb_featured_image_src":{"full":false,"thumbnail":false,"medium":false,"medium_large":false,"large":false,"1536x1536":false,"2048x2048":false,"ultp_layout_landscape_large":false,"ultp_layout_landscape":false,"ultp_layout_portrait":false,"ultp_layout_square":false},"uagb_author_info":{"display_name":"Jennifer Hahn","author_link":"https:\/\/identpro.de\/en\/author\/jennifer\/"},"uagb_comment_info":0,"uagb_excerpt":"Case Study: Pilsner Urquell \u2013 The Future of Empty Container Handling&nbsp; Efficiency Improvement through Real-Time Tracking with IdentPro&nbsp; Pilsner Urquell, one of the world&#8217;s most renowned breweries and part of the international Asahi Group, faced the challenge of making its warehouse processes more efficient. In particular, the tracking of KEGs (returnable barrels), overall empty handling,&hellip;","_links":{"self":[{"href":"https:\/\/identpro.de\/en\/wp-json\/wp\/v2\/pages\/8889","targetHints":{"allow":["GET"]}}],"collection":[{"href":"https:\/\/identpro.de\/en\/wp-json\/wp\/v2\/pages"}],"about":[{"href":"https:\/\/identpro.de\/en\/wp-json\/wp\/v2\/types\/page"}],"author":[{"embeddable":true,"href":"https:\/\/identpro.de\/en\/wp-json\/wp\/v2\/users\/2"}],"replies":[{"embeddable":true,"href":"https:\/\/identpro.de\/en\/wp-json\/wp\/v2\/comments?post=8889"}],"version-history":[{"count":20,"href":"https:\/\/identpro.de\/en\/wp-json\/wp\/v2\/pages\/8889\/revisions"}],"predecessor-version":[{"id":11793,"href":"https:\/\/identpro.de\/en\/wp-json\/wp\/v2\/pages\/8889\/revisions\/11793"}],"wp:attachment":[{"href":"https:\/\/identpro.de\/en\/wp-json\/wp\/v2\/media?parent=8889"}],"curies":[{"name":"wp","href":"https:\/\/api.w.org\/{rel}","templated":true}]}}