{"id":10599,"date":"2025-03-12T12:08:20","date_gmt":"2025-03-12T11:08:20","guid":{"rendered":"https:\/\/identpro.de\/?page_id=10599"},"modified":"2026-01-08T12:42:02","modified_gmt":"2026-01-08T11:42:02","slug":"asahi-case","status":"publish","type":"page","link":"https:\/\/identpro.de\/nl\/asahi-case\/","title":{"rendered":"Asahi case"},"content":{"rendered":"<div class=\"gb-container gb-container-e9bae796 alignfull\">\n<div class=\"gb-container gb-container-7efb0218\">\n<div class=\"gb-container gb-container-6b105a9c\">\n\n<figure class=\"gb-block-image gb-block-image-c73672ee\"><img decoding=\"async\" width=\"695\" height=\"443\" class=\"gb-image gb-image-c73672ee\" src=\"https:\/\/identpro.de\/wp-content\/uploads\/2025\/03\/Aufkleber-Pilsner.png\" alt=\"Aufkleber Pilsner\" title=\"Aufkleber-Pilsner\" srcset=\"https:\/\/identpro.de\/wp-content\/uploads\/2025\/03\/Aufkleber-Pilsner.png 695w, https:\/\/identpro.de\/wp-content\/uploads\/2025\/03\/Aufkleber-Pilsner-300x191.png 300w\" sizes=\"(max-width: 695px) 100vw, 695px\" \/><\/figure>\n\n<\/div>\n\n<div class=\"gb-container gb-container-5551e70a\"><div class=\"gb-inside-container\">\n<div class=\"gb-container gb-container-7ac79619\"><div class=\"gb-inside-container\">\n\n<h1 class=\"gb-headline gb-headline-4baf24e1 gb-headline-text\">Casestudie: Pilsner Urquell &#8211; Emptiesverwerking van de toekomst&nbsp;&nbsp;&nbsp;<strong>&nbsp;<\/strong>&nbsp;<\/h1>\n\n<\/div><\/div>\n<\/div><\/div>\n<\/div>\n<\/div>\n\n\n<div style=\"height:35px\" aria-hidden=\"true\" class=\"wp-block-spacer\"><\/div>\n\n\n<div class=\"gb-container gb-container-8f298838\">\n\n<h2 class=\"gb-headline gb-headline-6dbf74e4 gb-headline-text\">Meer effici\u00ebntie door real-time tracering met IdentPro&nbsp;&nbsp;&nbsp;<\/h2>\n\n\n\n<p><a href=\"https:\/\/pilsnerurquell.com\" target=\"_blank\" rel=\"noopener\" title=\"Pilsner Urquell\">Pilsner Urquell<\/a>, een van de bekendste brouwerijen ter wereld en onderdeel van de internationale Asahi Group, stond voor de uitdaging om zijn opslagprocessen effici\u00ebnter te maken. Met name het traceren van KEG&#8217;s (retourvaten), de gehele leeggoedverwerking en het fabrieksverkeer moesten worden geoptimaliseerd. Handmatige scans moesten worden ge\u00eblimineerd om de processen te optimaliseren, de transparantie te vergroten en de veiligheid in het magazijn te verbeteren.&nbsp;&nbsp;<\/p>\n\n<\/div>\n\n<div class=\"gb-container gb-container-98c86d1a\">\n\n<h3 class=\"gb-headline gb-headline-d5fb76a1 gb-headline-text\">RTLS maakt het verschil\u202f<\/h3>\n\n\n\n<p>In de meeste magazijnen zijn goederenbewegingen tijdrovend en handmatig. Werknemers moeten van de vorkheftruck afstappen om de goederen correct te registreren met behulp van een handscanner. Dit proces is niet alleen omslachtig, maar ook een belangrijke factor voor de veiligheid in het magazijn. Met de introductie van het <a href=\"\/nl\/?page_id=9010\" title=\"Warehouse Execution System (WES)\">Warehouse Execution System (WES)<\/a> van IdentPro zijn deze processen in Pilsen veranderd. Real-time lokalisatie maakt het mogelijk om de gehele magazijnvoorraad in real-time te volgen. Hiervoor werden de bestaande industri\u00eble trucks uitgerust met IoT-kits om de gehele magazijnvoorraad live te registreren. In de AI-gebaseerde software wordt hieruit in realtime een digital twin gecre\u00eberd en kunnen de transportorders intelligent worden aangestuurd.\u202f\u202f&nbsp;&nbsp;&nbsp;<\/p>\n\n\n<style>.kb-advanced-slider-10599_2ee2e1-bc .kb-slider-pause-button{color:#fff;background-color:rgba(0, 0, 0, 0.8);border:1px solid transparent;}<\/style><div class=\"kb-advanced-slider kb-advanced-slider-10599_2ee2e1-bc wp-block-kadence-slider\"><div class=\"kb-advanced-slider-inner-contain kb-adv-slider-html-version-2\"><div class=\"kb-blocks-advanced-carousel kt-blocks-carousel kt-carousel-container-dotstyle-dark\"><div class=\"kb-blocks-advanced-slider-init kb-slider-loading kb-blocks-slider kt-carousel-arrowstyle-whiteondark kt-carousel-dotstyle-dark kb-slider-size-ratio kb-slider-type-slider kb-slider-ratio-16-9 kb-slider-group-arrow kb-slider-arrow-position-center kb-slider-tab-ratio-inherit kb-slider-mobile-ratio-inherit splide kb-splide  kb-slider-version-2\" aria-label=\"Slider content\" data-slider-center-mode=\"true\" data-slider-type=\"slider\" data-loop-type=\"loop\" data-columns-xxl=\"3\" data-columns-xl=\"3\" data-columns-md=\"3\" data-columns-sm=\"2\" data-columns-xs=\"1\" data-columns-ss=\"1\" data-slider-anim-speed=\"400\" data-slider-scroll=\"1\" data-slider-fade=\"true\" data-slider-arrows=\"true\" data-slider-dots=\"true\" data-slider-hover-pause=\"false\" data-slider-auto=\"false\"  data-dragging=\"true\" data-slider-speed=\"7000\" data-slider-gap=\"30\" data-slider-gap-tablet=\"30\" data-slider-gap-mobile=\"30\" data-slider-gap-unit=\"px\"><div class=\"splide__track\"><ul class=\"splide__list\">\n\n<li class=\"wp-block-kadence-slide kb-advanced-slide-item kb-slide-10599_989cb3-a5\"><div class=\"kb-advanced-slide\"><div class=\"kb-advanced-slide-inner-wrap\"><div class=\"kb-advanced-slide-inner\">\n<figure class=\"wp-block-image size-large\"><img decoding=\"async\" width=\"1024\" height=\"683\" src=\"https:\/\/identpro.de\/wp-content\/uploads\/2025\/03\/Identpro-15_Links-Tomas_Sedlacek_rechts-Erik_van_Rikxoort-1024x683.jpg\" alt=\"Tomas Sedl\u00e1\u010dek &amp; Erik Van Rikxoort\" class=\"wp-image-8871\" srcset=\"https:\/\/identpro.de\/wp-content\/uploads\/2025\/03\/Identpro-15_Links-Tomas_Sedlacek_rechts-Erik_van_Rikxoort-1024x683.jpg 1024w, https:\/\/identpro.de\/wp-content\/uploads\/2025\/03\/Identpro-15_Links-Tomas_Sedlacek_rechts-Erik_van_Rikxoort-300x200.jpg 300w, https:\/\/identpro.de\/wp-content\/uploads\/2025\/03\/Identpro-15_Links-Tomas_Sedlacek_rechts-Erik_van_Rikxoort-768x512.jpg 768w, https:\/\/identpro.de\/wp-content\/uploads\/2025\/03\/Identpro-15_Links-Tomas_Sedlacek_rechts-Erik_van_Rikxoort-1536x1025.jpg 1536w, https:\/\/identpro.de\/wp-content\/uploads\/2025\/03\/Identpro-15_Links-Tomas_Sedlacek_rechts-Erik_van_Rikxoort-2048x1366.jpg 2048w, https:\/\/identpro.de\/wp-content\/uploads\/2025\/03\/Identpro-15_Links-Tomas_Sedlacek_rechts-Erik_van_Rikxoort-1200x800.jpg 1200w\" sizes=\"(max-width: 1024px) 100vw, 1024px\" \/><\/figure>\n<\/div><\/div><\/div><\/li>\n\n\n\n<li class=\"wp-block-kadence-slide kb-advanced-slide-item kb-slide-10599_a2481b-25\"><div class=\"kb-advanced-slide\"><div class=\"kb-advanced-slide-inner-wrap\"><div class=\"kb-advanced-slide-inner\">\n<figure class=\"wp-block-image size-large\"><img decoding=\"async\" src=\"https:\/\/identpro.de\/wp-content\/uploads\/2025\/03\/RTLS-Asahi-1024x722.jpg\" alt=\"RTLS at PilsnerUrquell\/Asahi\" class=\"wp-image-8875\" style=\"object-fit:cover\"\/><\/figure>\n<\/div><\/div><\/div><\/li>\n\n<\/ul><\/div><\/div><\/div><\/div><\/div>\n\n\n<div style=\"height:35px\" aria-hidden=\"true\" class=\"wp-block-spacer\"><\/div>\n\n\n\n<h4 class=\"gb-headline gb-headline-264d11a0 gb-headline-text\">Nooit meer scannen: Van lege naar volle goederen!<\/h4>\n\n\n\n<p>Een belangrijk voordeel van WES is dat handmatig scannen in het magazijn niet meer nodig is. Er zijn twee verschillende benaderingen voor de automatische integratie van lege en volle goederen. Automatische herkenning op de transportbanden van het vulstation werd gerealiseerd voor het naadloos volgen van de KEG&#8217;s \/ volle containers. Dit betekent dat de vaten automatisch worden geregistreerd in het systeem en direct kunnen worden opgeslagen. Leeggoed daarentegen is niet duidelijk gelabeld en kan daarom niet automatisch worden geregistreerd. Met het WES hoeven magazijnmedewerkers de voertuigen niet meer te verlaten om de lege vaten te registreren, maar kunnen ze direct in het systeem worden geregistreerd via de heftruckterminals.<\/p>\n\n<\/div>\n\n<div class=\"gb-container gb-container-0917221a alignfull\">\n<style>.kt-blocks-testimonials-wrap10599_5d8f78-e4 .kt-svg-testimonial-global-icon{font-size:30px;}.kt-blocks-testimonials-wrap10599_5d8f78-e4 .kt-testimonial-item-0 .kt-svg-testimonial-icon{font-size:50px;}.kt-blocks-testimonials-wrap10599_5d8f78-e4 .kt-testimonial-rating-wrap .kb-svg-icon-wrap{color:#ffd700;font-size:16px;}.kt-blocks-testimonials-wrap10599_5d8f78-e4 .kt-testimonial-grid-wrap{gap:var(--global-kb-gap-md, 2rem);}.kt-blocks-testimonials-wrap10599_5d8f78-e4 .kt-testimonial-item-wrap .kt-testimonial-text-wrap{padding-top:20px;padding-right:20px;padding-bottom:20px;padding-left:20px;}.kt-blocks-testimonials-wrap10599_5d8f78-e4 .kt-testimonial-name{color:var(--ident-pro-blau);}.kt-blocks-testimonials-wrap10599_5d8f78-e4 .kt-testimonial-occupation{color:var(--ident-pro-blau);font-size:15px;}.kt-blocks-testimonials-wrap10599_5d8f78-e4 .kt-testimonial-item-wrap{max-width:1115px;}.kt-blocks-testimonials-wrap10599_5d8f78-e4 .kt-testimonial-item-wrap .kt-testimonial-text-wrap{background:var(--ident-pro-cyan);max-width:1115px;}.kt-blocks-testimonials-wrap10599_5d8f78-e4 .kt-testimonial-media-inner-wrap{width:60px;border-top:0px solid;border-right:0px solid;border-bottom:0px solid;border-left:0px solid;padding-top:0px;padding-right:0px;padding-bottom:0px;padding-left:0px;}.kt-blocks-testimonials-wrap10599_5d8f78-e4 .kt-svg-testimonial-icon{justify-content:center;align-items:center;}@media all and (max-width: 1024px){.kt-blocks-testimonials-wrap10599_5d8f78-e4 .kt-testimonial-media-inner-wrap{border-top:0px solid;border-right:0px solid;border-bottom:0px solid;border-left:0px solid;}}@media all and (max-width: 767px){.kt-blocks-testimonials-wrap10599_5d8f78-e4{padding-top:px;padding-bottom:px;margin-top:px;margin-bottom:px;}.kt-blocks-testimonials-wrap10599_5d8f78-e4 .kt-testimonial-media-inner-wrap{border-top:0px solid;border-right:0px solid;border-bottom:0px solid;border-left:0px solid;}}<\/style><div class=\"kt-blocks-testimonials-wrap10599_5d8f78-e4 kt-testimonial-halign-center kt-testimonial-style-bubble kt-testimonials-media-on kt-testimonials-icon-off kt-testimonial-columns-1 kt-t-xxl-col-1 kt-t-xl-col-1 kt-t-lg-col-1 kt-t-md-col-1 kt-t-sm-col-1 kt-t-xs-col-1 wp-block-kadence-testimonials\"><ul class=\"kt-blocks-testimonials-inner-wrap kt-testimonial-grid-wrap\">\n<li class=\"kt-testimonial-grid-item\"><div class=\"kt-testimonial-item-wrap kt-testimonial-item-10599_3676fb-7e wp-block-kadence-testimonial\"><div class=\"kt-testimonial-text-wrap\"><div class=\"kt-testimonial-title-wrap\"><h2 class=\"kt-testimonial-title\">Verklaring<\/h2><\/div><div class=\"kt-testimonial-content-wrap\"><blockquote class=\"kt-testimonial-content\"><em>\u201cOnze belangrijkste doelstellingen waren het verhogen van de effici\u00ebntie, het verbeteren van de nauwkeurigheid door real-time inventarisatie en natuurlijk een veiligere werkomgeving. De introductie van de WES heeft onmiddellijke en aanzienlijke verbeteringen gebracht in de verwerking van leeggoed en, het belangrijkste, we zijn helemaal gestopt met scannen.\u201d\u00a0<\/em><\/blockquote><\/div><\/div><div class=\"kt-testimonial-meta-wrap\"><div class=\"kt-testimonial-media-wrap\"><div class=\"kt-testimonial-media-inner-wrap\"><div class=\"kadence-testimonial-image-intrisic\"><div class=\"kt-svg-testimonial-icon kt-svg-testimonial-icon-ic_person\"><svg viewBox=\"0 0 8 8\"  fill=\"currentColor\" xmlns=\"http:\/\/www.w3.org\/2000\/svg\"   height=\"43\" width=\"43\" style=\"color: var(--ident-pro-cyan)\" role=\"img\"><path d=\"M4 0c-1.1 0-2 1.12-2 2.5s.9 2.5 2 2.5 2-1.12 2-2.5-.9-2.5-2-2.5zm-2.09 5c-1.06.05-1.91.92-1.91 2v1h8v-1c0-1.08-.84-1.95-1.91-2-.54.61-1.28 1-2.09 1-.81 0-1.55-.39-2.09-1z\"\/><\/svg><\/div><\/div><\/div><\/div><div class=\"kt-testimonial-meta-name-wrap\"><div class=\"kt-testimonial-name-wrap\"><div class=\"kt-testimonial-name\"><br>Tom\u00e1\u0161 Sedl\u00e1\u010dek<\/div><\/div><div class=\"kt-testimonial-occupation-wrap\"><div class=\"kt-testimonial-occupation\">Pilsner Urquell \/ Asahi<\/div><\/div><\/div><\/div><\/div><\/li>\n<\/ul><\/div>\n<\/div>\n\n\n<div style=\"height:10px\" aria-hidden=\"true\" class=\"wp-block-spacer\"><\/div>\n\n\n<div class=\"gb-container gb-container-c3bc464b\">\n\n<h5 class=\"gb-headline gb-headline-3955dccc gb-headline-text\">Naadloze integratie in het systeemlandschap<\/h5>\n\n\n\n<p>Voor een uitgebreide logistieke planning is het belangrijk dat de realtime gegevens ook automatisch worden overgedragen aan de bestaande systemen. Het WES kan via interfaces naadloos worden aangesloten op het bestaande goederenbeheersysteem \/ ERP-systeem en maakt directe toegang tot de magazijnvoorraden in realtime mogelijk. Op basis van deze informatie kunnen snellere en nauwkeurigere beslissingen worden genomen.\u202f\u202f<\/p>\n\n<\/div>\n\n<div class=\"gb-container gb-container-25c79d8d\">\n<div class=\"gb-grid-wrapper gb-grid-wrapper-9711dc65\">\n<div class=\"gb-grid-column gb-grid-column-7ebc7bce\"><div class=\"gb-container gb-container-7ebc7bce\">\n\n<p class=\"gb-headline gb-headline-4584e70b gb-headline-text\">Resultaat<\/p>\n\n\n\n<p>Dankzij de slimme WES-technologie van IdentPro heeft Pilsner Urquell:&nbsp;<\/p>\n\n\n<style>.wp-block-kadence-iconlist.kt-svg-icon-list-items10599_aebcdd-22:not(.this-stops-third-party-issues){margin-top:0px;margin-bottom:0px;}.wp-block-kadence-iconlist.kt-svg-icon-list-items10599_aebcdd-22 ul.kt-svg-icon-list:not(.this-prevents-issues):not(.this-stops-third-party-issues):not(.tijsloc){margin-top:0px;margin-right:0px;margin-bottom:10px;margin-left:0px;}.wp-block-kadence-iconlist.kt-svg-icon-list-items10599_aebcdd-22 ul.kt-svg-icon-list{grid-row-gap:5px;}.wp-block-kadence-iconlist.kt-svg-icon-list-items10599_aebcdd-22 ul.kt-svg-icon-list .kt-svg-icon-list-item-wrap .kt-svg-icon-list-single{margin-right:10px;}<\/style>\n<div class=\"wp-block-kadence-iconlist kt-svg-icon-list-items kt-svg-icon-list-items10599_aebcdd-22 kt-svg-icon-list-columns-1 alignnone kt-list-icon-aligntop\"><ul class=\"kt-svg-icon-list\"><style>.kt-svg-icon-list-item-10599_814c89-94 .kt-svg-icon-list-single{font-size:25px !important;color:var(--ident-pro-gelb) !important;}.kt-svg-icon-list-item-10599_814c89-94 .kt-svg-icon-list-text mark.kt-highlight{background-color:unset;font-style:normal;color:#f76a0c;-webkit-box-decoration-break:clone;box-decoration-break:clone;padding-top:0px;padding-right:0px;padding-bottom:0px;padding-left:0px;}<\/style>\n<li class=\"wp-block-kadence-listitem kt-svg-icon-list-item-wrap kt-svg-icon-list-item-10599_814c89-94 kt-svg-icon-list-style-default\"><span class=\"kb-svg-icon-wrap kb-svg-icon-fas_check-circle kt-svg-icon-list-single\"><svg viewBox=\"0 0 512 512\"  fill=\"currentColor\" xmlns=\"http:\/\/www.w3.org\/2000\/svg\"  aria-hidden=\"true\"><path d=\"M504 256c0 136.967-111.033 248-248 248S8 392.967 8 256 119.033 8 256 8s248 111.033 248 248zM227.314 387.314l184-184c6.248-6.248 6.248-16.379 0-22.627l-22.627-22.627c-6.248-6.249-16.379-6.249-22.628 0L216 308.118l-70.059-70.059c-6.248-6.248-16.379-6.248-22.628 0l-22.627 22.627c-6.248 6.248-6.248 16.379 0 22.627l104 104c6.249 6.249 16.379 6.249 22.628.001z\"\/><\/svg><\/span><span class=\"kt-svg-icon-list-text\"><strong>Handmatige scans elimineren<\/strong> en werkprocessen versnellen.&nbsp;&nbsp;<\/span><\/li>\n\n\n<style>.kt-svg-icon-list-item-10599_3d7df5-57 .kt-svg-icon-list-single{font-size:25px !important;color:var(--ident-pro-gelb) !important;}.kt-svg-icon-list-item-10599_3d7df5-57 .kt-svg-icon-list-text mark.kt-highlight{background-color:unset;font-style:normal;color:#f76a0c;-webkit-box-decoration-break:clone;box-decoration-break:clone;padding-top:0px;padding-right:0px;padding-bottom:0px;padding-left:0px;}<\/style>\n<li class=\"wp-block-kadence-listitem kt-svg-icon-list-item-wrap kt-svg-icon-list-item-10599_3d7df5-57 kt-svg-icon-list-style-default\"><span class=\"kb-svg-icon-wrap kb-svg-icon-fas_check-circle kt-svg-icon-list-single\"><svg viewBox=\"0 0 512 512\"  fill=\"currentColor\" xmlns=\"http:\/\/www.w3.org\/2000\/svg\"  aria-hidden=\"true\"><path d=\"M504 256c0 136.967-111.033 248-248 248S8 392.967 8 256 119.033 8 256 8s248 111.033 248 248zM227.314 387.314l184-184c6.248-6.248 6.248-16.379 0-22.627l-22.627-22.627c-6.248-6.249-16.379-6.249-22.628 0L216 308.118l-70.059-70.059c-6.248-6.248-16.379-6.248-22.628 0l-22.627 22.627c-6.248 6.248-6.248 16.379 0 22.627l104 104c6.249 6.249 16.379 6.249 22.628.001z\"\/><\/svg><\/span><span class=\"kt-svg-icon-list-text\"><strong>De leeggoedprocessen optimaliseren<\/strong> en de aanvulling verbeteren.<\/span><\/li>\n\n\n<style>.kt-svg-icon-list-item-10599_c813b9-94 .kt-svg-icon-list-single{font-size:25px !important;color:var(--ident-pro-gelb) !important;}.kt-svg-icon-list-item-10599_c813b9-94 .kt-svg-icon-list-text mark.kt-highlight{background-color:unset;font-style:normal;color:#f76a0c;-webkit-box-decoration-break:clone;box-decoration-break:clone;padding-top:0px;padding-right:0px;padding-bottom:0px;padding-left:0px;}<\/style>\n<li class=\"wp-block-kadence-listitem kt-svg-icon-list-item-wrap kt-svg-icon-list-item-10599_c813b9-94 kt-svg-icon-list-style-default\"><span class=\"kb-svg-icon-wrap kb-svg-icon-fas_check-circle kt-svg-icon-list-single\"><svg viewBox=\"0 0 512 512\"  fill=\"currentColor\" xmlns=\"http:\/\/www.w3.org\/2000\/svg\"  aria-hidden=\"true\"><path d=\"M504 256c0 136.967-111.033 248-248 248S8 392.967 8 256 119.033 8 256 8s248 111.033 248 248zM227.314 387.314l184-184c6.248-6.248 6.248-16.379 0-22.627l-22.627-22.627c-6.248-6.249-16.379-6.249-22.628 0L216 308.118l-70.059-70.059c-6.248-6.248-16.379-6.248-22.628 0l-22.627 22.627c-6.248 6.248-6.248 16.379 0 22.627l104 104c6.249 6.249 16.379 6.249 22.628.001z\"\/><\/svg><\/span><span class=\"kt-svg-icon-list-text\"><strong>De veiligheid in het magazijn verhogen<\/strong> door geautomatiseerde beveiligingsfuncties.&nbsp;<\/span><\/li>\n\n\n<style>.kt-svg-icon-list-item-10599_bcaa91-bd .kt-svg-icon-list-single{font-size:25px !important;color:var(--ident-pro-gelb) !important;}.kt-svg-icon-list-item-10599_bcaa91-bd .kt-svg-icon-list-text mark.kt-highlight{background-color:unset;font-style:normal;color:#f76a0c;-webkit-box-decoration-break:clone;box-decoration-break:clone;padding-top:0px;padding-right:0px;padding-bottom:0px;padding-left:0px;}<\/style>\n<li class=\"wp-block-kadence-listitem kt-svg-icon-list-item-wrap kt-svg-icon-list-item-10599_bcaa91-bd kt-svg-icon-list-style-default\"><span class=\"kb-svg-icon-wrap kb-svg-icon-fas_check-circle kt-svg-icon-list-single\"><svg viewBox=\"0 0 512 512\"  fill=\"currentColor\" xmlns=\"http:\/\/www.w3.org\/2000\/svg\"  aria-hidden=\"true\"><path d=\"M504 256c0 136.967-111.033 248-248 248S8 392.967 8 256 119.033 8 256 8s248 111.033 248 248zM227.314 387.314l184-184c6.248-6.248 6.248-16.379 0-22.627l-22.627-22.627c-6.248-6.249-16.379-6.249-22.628 0L216 308.118l-70.059-70.059c-6.248-6.248-16.379-6.248-22.628 0l-22.627 22.627c-6.248 6.248-6.248 16.379 0 22.627l104 104c6.249 6.249 16.379 6.249 22.628.001z\"\/><\/svg><\/span><span class=\"kt-svg-icon-list-text\"><strong>Zorgen voor naadloze integratie<\/strong> in bestaande systemen.&nbsp;&nbsp;<\/span><\/li>\n\n\n<style>.kt-svg-icon-list-item-10599_d32ef3-b3 .kt-svg-icon-list-single{font-size:25px !important;color:var(--ident-pro-gelb) !important;}.kt-svg-icon-list-item-10599_d32ef3-b3 .kt-svg-icon-list-text mark.kt-highlight{background-color:unset;font-style:normal;color:#f76a0c;-webkit-box-decoration-break:clone;box-decoration-break:clone;padding-top:0px;padding-right:0px;padding-bottom:0px;padding-left:0px;}<\/style>\n<li class=\"wp-block-kadence-listitem kt-svg-icon-list-item-wrap kt-svg-icon-list-item-10599_d32ef3-b3 kt-svg-icon-list-style-default\"><span class=\"kb-svg-icon-wrap kb-svg-icon-fas_check-circle kt-svg-icon-list-single\"><svg viewBox=\"0 0 512 512\"  fill=\"currentColor\" xmlns=\"http:\/\/www.w3.org\/2000\/svg\"  aria-hidden=\"true\"><path d=\"M504 256c0 136.967-111.033 248-248 248S8 392.967 8 256 119.033 8 256 8s248 111.033 248 248zM227.314 387.314l184-184c6.248-6.248 6.248-16.379 0-22.627l-22.627-22.627c-6.248-6.249-16.379-6.249-22.628 0L216 308.118l-70.059-70.059c-6.248-6.248-16.379-6.248-22.628 0l-22.627 22.627c-6.248 6.248-6.248 16.379 0 22.627l104 104c6.249 6.249 16.379 6.249 22.628.001z\"\/><\/svg><\/span><span class=\"kt-svg-icon-list-text\"><strong>Het ERP-systeem optimaliseren met realtime gegevens<\/strong> om op gegevens gebaseerde beslissingen te verbeteren.&nbsp;<\/span><\/li>\n<\/ul><\/div>\n\n<\/div><\/div>\n\n<div class=\"gb-grid-column gb-grid-column-ef41d729\"><div class=\"gb-container gb-container-ef41d729\">\n\n<p class=\"gb-headline gb-headline-d2510c6c gb-headline-text wp-embed-aspect-16-9 wp-has-aspect-ratio\">Ervaar innovatie in actie:<\/p>\n\n\n<figure class=\"wp-block-embed-youtube wp-block-embed is-type-video is-provider-youtube wp-embed-aspect-16-9 wp-has-aspect-ratio\"><div class=\"lyte-wrapper\" style=\"width:640px;max-width:100%;margin:5px auto;\"><div class=\"lyMe\" id=\"WYL_Pp3HTanQIAM\"><div id=\"lyte_Pp3HTanQIAM\" data-src=\"https:\/\/identpro.de\/wp-content\/plugins\/wp-youtube-lyte\/lyteCache.php?origThumbUrl=%2F%2Fi.ytimg.com%2Fvi%2FPp3HTanQIAM%2Fhqdefault.jpg\" class=\"pL\"><div class=\"tC\"><div class=\"tT\"><\/div><\/div><div class=\"play\"><\/div><div class=\"ctrl\"><div class=\"Lctrl\"><\/div><div class=\"Rctrl\"><\/div><\/div><\/div><noscript><a href=\"https:\/\/youtu.be\/Pp3HTanQIAM\" rel=\"nofollow\"><img decoding=\"async\" src=\"https:\/\/identpro.de\/wp-content\/plugins\/wp-youtube-lyte\/lyteCache.php?origThumbUrl=https%3A%2F%2Fi.ytimg.com%2Fvi%2FPp3HTanQIAM%2F0.jpg\" alt=\"YouTube video thumbnail\" width=\"640\" height=\"340\" \/><br \/>Bekijk deze video op YouTube<\/a><\/noscript><\/div><\/div><div class=\"lL\" style=\"max-width:100%;width:640px;margin:5px auto;\"><\/div><figcaption><\/figcaption><\/figure>\n<\/div><\/div>\n<\/div>\n<\/div>\n\n\n<div style=\"height:10px\" aria-hidden=\"true\" class=\"wp-block-spacer\"><\/div>\n\n\n<div class=\"gb-container gb-container-21ec7cf1 alignfull\"><div class=\"gb-inside-container\">\n<div class=\"gb-container gb-container-849d81ac\">\n\n<h6 class=\"gb-headline gb-headline-c65a0dbe gb-headline-text\">Een blik in de toekomst\u202f<\/h6>\n\n\n\n<p>Pilsner Urquell is blij met de toegenomen effici\u00ebntie die IdentPro biedt en is van plan om <strong>de oplossing uit te breiden naar andere locaties binnen de Asahi Group.&nbsp;<\/strong><\/p>\n\n\n\n<div style=\"height:52px\" aria-hidden=\"true\" class=\"wp-block-spacer\"><\/div>\n\n<\/div>\n<\/div><\/div>","protected":false},"excerpt":{"rendered":"<p>Casestudie: Pilsner Urquell &#8211; Emptiesverwerking van de toekomst&nbsp;&nbsp;&nbsp;&nbsp;&nbsp; Meer effici\u00ebntie door real-time tracering met IdentPro&nbsp;&nbsp;&nbsp; Pilsner Urquell, een van de bekendste brouwerijen ter wereld en onderdeel van de internationale Asahi Group, stond voor de uitdaging om zijn opslagprocessen effici\u00ebnter te maken. Met name het traceren van KEG&#8217;s (retourvaten), de gehele leeggoedverwerking en het fabrieksverkeer moesten &#8230; <a title=\"Asahi case\" class=\"read-more\" href=\"https:\/\/identpro.de\/nl\/asahi-case\/\" aria-label=\"Lees meer over Asahi case\">Weiterlesen &#8230;<\/a><\/p>\n","protected":false},"author":2,"featured_media":0,"parent":0,"menu_order":0,"comment_status":"closed","ping_status":"closed","template":"","meta":{"content-type":"","_uag_custom_page_level_css":"","_kad_blocks_custom_css":"","_kad_blocks_head_custom_js":"","_kad_blocks_body_custom_js":"","_kad_blocks_footer_custom_js":"","slim_seo":{"title":"Asahi case - Identpro","description":""},"footnotes":""},"class_list":["post-10599","page","type-page","status-publish"],"taxonomy_info":[],"featured_image_src_large":false,"author_info":{"display_name":"Jennifer Hahn","author_link":"https:\/\/identpro.de\/nl\/author\/jennifer\/"},"comment_info":0,"uagb_featured_image_src":{"full":false,"thumbnail":false,"medium":false,"medium_large":false,"large":false,"1536x1536":false,"2048x2048":false,"ultp_layout_landscape_large":false,"ultp_layout_landscape":false,"ultp_layout_portrait":false,"ultp_layout_square":false},"uagb_author_info":{"display_name":"Jennifer Hahn","author_link":"https:\/\/identpro.de\/nl\/author\/jennifer\/"},"uagb_comment_info":0,"uagb_excerpt":"Casestudie: Pilsner Urquell &#8211; Emptiesverwerking van de toekomst&nbsp;&nbsp;&nbsp;&nbsp;&nbsp; Meer effici\u00ebntie door real-time tracering met IdentPro&nbsp;&nbsp;&nbsp; Pilsner Urquell, een van de bekendste brouwerijen ter wereld en onderdeel van de internationale Asahi Group, stond voor de uitdaging om zijn opslagprocessen effici\u00ebnter te maken. Met name het traceren van KEG&#8217;s (retourvaten), de gehele leeggoedverwerking en het fabrieksverkeer moesten&hellip;","_links":{"self":[{"href":"https:\/\/identpro.de\/nl\/wp-json\/wp\/v2\/pages\/10599","targetHints":{"allow":["GET"]}}],"collection":[{"href":"https:\/\/identpro.de\/nl\/wp-json\/wp\/v2\/pages"}],"about":[{"href":"https:\/\/identpro.de\/nl\/wp-json\/wp\/v2\/types\/page"}],"author":[{"embeddable":true,"href":"https:\/\/identpro.de\/nl\/wp-json\/wp\/v2\/users\/2"}],"replies":[{"embeddable":true,"href":"https:\/\/identpro.de\/nl\/wp-json\/wp\/v2\/comments?post=10599"}],"version-history":[{"count":11,"href":"https:\/\/identpro.de\/nl\/wp-json\/wp\/v2\/pages\/10599\/revisions"}],"predecessor-version":[{"id":11788,"href":"https:\/\/identpro.de\/nl\/wp-json\/wp\/v2\/pages\/10599\/revisions\/11788"}],"wp:attachment":[{"href":"https:\/\/identpro.de\/nl\/wp-json\/wp\/v2\/media?parent=10599"}],"curies":[{"name":"wp","href":"https:\/\/api.w.org\/{rel}","templated":true}]}}