{"id":9496,"date":"2025-04-09T08:26:00","date_gmt":"2025-04-09T07:26:00","guid":{"rendered":"https:\/\/identpro.de\/?page_id=9496"},"modified":"2025-10-31T14:50:36","modified_gmt":"2025-10-31T13:50:36","slug":"woordenlijst-intralogistiek","status":"publish","type":"page","link":"https:\/\/identpro.de\/nl\/woordenlijst-intralogistiek\/","title":{"rendered":"Woordenlijst Intralogistiek"},"content":{"rendered":"<div class=\"gb-container gb-container-de8d1951 alignfull\"><div class=\"gb-inside-container\">\n\n<h1 class=\"gb-headline gb-headline-e081f219 gb-headline-text\">Woordenlijst: Intralogistiek <br>Focus op Softwareoplossingen<\/h1>\n\n<\/div><\/div>\n\n\n<p class=\"gb-headline gb-headline-00809f43 gb-headline-text\"><strong>Deze woordenlijst biedt een overzicht van belangrijke termen in de intralogistiek met een bijzondere focus op softwaregestuurde oplossingen.&nbsp;<\/strong><\/p>\n\n\n\n<hr class=\"wp-block-separator has-alpha-channel-opacity is-style-default\"\/>\n\n\n<div class=\"gb-container gb-container-35c011c0\">\n<div class=\"gb-grid-wrapper gb-grid-wrapper-3c26ed79\">\n<div class=\"gb-grid-column gb-grid-column-eacfa006\"><div class=\"gb-container gb-container-eacfa006\">\n\n<p class=\"gb-headline gb-headline-0a3fb3f9 gb-headline-text\">A<\/p>\n\n<\/div><\/div>\n\n<div class=\"gb-grid-column gb-grid-column-baca5e99\"><div class=\"gb-container gb-container-baca5e99\">\n\n<p><strong><strong>AMR (Autonomous Mobile Robot)<\/strong><\/strong><br>Autonome mobiele robot voor het verplaatsen van materialen binnen magazijnen of productiefaciliteiten.<\/p>\n\n\n\n<p><strong><strong>API (Application Programming Interface)<\/strong><\/strong><br>Interface die de geautomatiseerde gegevensuitwisseling tussen verschillende IT-systemen binnen een toeleveringsketen mogelijk maakt. API\u2019s verbinden systemen zoals ERP-, WMS- (Warehouse Management System) of TMS- (Transport Management System) oplossingen en zorgen voor een naadloze communicatie tussen leveranciers, logistieke dienstverleners en klanten. Realtime informatie over voorraden, zendingen of productiecapaciteit kan worden uitgewisseld, waardoor processen effici\u00ebnter en transparanter verlopen. Dit verhoogt het reactievermogen op veranderingen in de vraag en optimaliseert de algehele supply chain planning.<\/p>\n\n\n\n<p><strong>APS (Advanced Planning and Scheduling)<\/strong><br>Software voor gedetailleerde productieplanning en -aansturing met inachtneming van capaciteiten en levertijden.<\/p>\n\n\n\n<p><strong>ASN \u2013 Advanced Shipping Notice<\/strong><br>Elektronische voorafgaande kennisgeving van een goederenzending. Deze bevat gedetailleerde informatie over de inhoud, verpakking, hoeveelheid en verwachte leverdatum en optimaliseert zo de goederenontvangst en inboundplanning.<\/p>\n\n<\/div><\/div>\n<\/div>\n\n\n<hr class=\"wp-block-separator has-alpha-channel-opacity\"\/>\n\n\n<div class=\"gb-grid-wrapper gb-grid-wrapper-8704e223\">\n<div class=\"gb-grid-column gb-grid-column-6ca72207\"><div class=\"gb-container gb-container-6ca72207\">\n\n<p class=\"gb-headline gb-headline-ba52557a gb-headline-text\">B<\/p>\n\n<\/div><\/div>\n\n<div class=\"gb-grid-column gb-grid-column-ab9ffac0\"><div class=\"gb-container gb-container-ab9ffac0\">\n\n<p><strong><strong>Voorraadbeheer<\/strong><\/strong><br>Systematische registratie, controle en optimalisatie van magazijnvoorraden om de effici\u00ebntie te verhogen.<\/p>\n\n\n\n<p><strong>BOM \u2013 Bill of Materials (stuklijst)<br><\/strong>Gestructureerde lijst van alle componenten en materialen die nodig zijn voor de productie of montage van een product, inclusief hoeveelheden, materiaalnummers en assemblages. Basis voor productie, inkoop en opslag.<\/p>\n\n<\/div><\/div>\n<\/div>\n\n\n<hr class=\"wp-block-separator has-alpha-channel-opacity\"\/>\n\n\n<div class=\"gb-grid-wrapper gb-grid-wrapper-e4933bcf\">\n<div class=\"gb-grid-column gb-grid-column-77455b4d\"><div class=\"gb-container gb-container-77455b4d\">\n\n<p class=\"gb-headline gb-headline-54781c19 gb-headline-text\">D<\/p>\n\n<\/div><\/div>\n\n<div class=\"gb-grid-column gb-grid-column-56eec32a\"><div class=\"gb-container gb-container-56eec32a\">\n\n<p><strong><strong>Digitale Tweeling<\/strong><\/strong><br>Virtuele representatie van fysieke magazijn- of logistieke processen voor real-time monitoring en optimalisatie.<\/p>\n\n<\/div><\/div>\n<\/div>\n\n\n<hr class=\"wp-block-separator has-alpha-channel-opacity\"\/>\n\n\n<div class=\"gb-grid-wrapper gb-grid-wrapper-1c0f970a\">\n<div class=\"gb-grid-column gb-grid-column-39fdc3cf\"><div class=\"gb-container gb-container-39fdc3cf\">\n\n<p class=\"gb-headline gb-headline-d723c614 gb-headline-text\">E<\/p>\n\n<\/div><\/div>\n\n<div class=\"gb-grid-column gb-grid-column-2584d366\"><div class=\"gb-container gb-container-2584d366\">\n\n<p><strong><strong>RTLS (Real-Time Locating System)<\/strong><\/strong><br>Technologie voor het nauwkeurig bepalen van de locatie van goederen, voertuigen of medewerkers in real-time.<\/p>\n\n\n\n<p><strong><strong>ERP (Enterprise Resource Planning)<\/strong><\/strong><br>Ge\u00efntegreerde bedrijfssoftware voor het aansturen van bedrijfsprocessen, inclusief voorraadbeheer, logistiek en financi\u00ebn.<\/p>\n\n\n\n<p><strong><strong>EWM (Extended Warehouse Management)<\/strong><\/strong><br>Geavanceerde magazijnbeheersoftware, bijvoorbeeld van SAP, voor het aansturen van complexe logistieke processen.<\/p>\n\n<\/div><\/div>\n<\/div>\n\n\n<hr class=\"wp-block-separator has-alpha-channel-opacity\"\/>\n\n\n<div class=\"gb-grid-wrapper gb-grid-wrapper-bd53fd94\">\n<div class=\"gb-grid-column gb-grid-column-bd8e4549\"><div class=\"gb-container gb-container-bd8e4549\">\n\n<p class=\"gb-headline gb-headline-217574b5 gb-headline-text\">F<\/p>\n\n<\/div><\/div>\n\n<div class=\"gb-grid-column gb-grid-column-c1d2d047\"><div class=\"gb-container gb-container-c1d2d047\">\n\n<p><strong>FIFO \u2013 First In, First Out<br><\/strong>Opslagprincipe waarbij het eerst opgeslagen materiaal ook als eerste wordt uitgeslagen om veroudering of bederf te voorkomen, typisch voor bederfelijke of tijdgevoelige goederen.<\/p>\n\n\n\n<p><strong><strong>Vlootbeheer<\/strong><\/strong><br>Co\u00f6rdinatie en optimalisatie van het gebruik van voertuigen of robots in de intra logistiek via softwareoplossingen.<\/p>\n\n<\/div><\/div>\n<\/div>\n\n\n<hr class=\"wp-block-separator has-alpha-channel-opacity\"\/>\n\n\n<div class=\"gb-grid-wrapper gb-grid-wrapper-32326b62\">\n<div class=\"gb-grid-column gb-grid-column-f24f5ad5\"><div class=\"gb-container gb-container-f24f5ad5\">\n\n<p class=\"gb-headline gb-headline-04b070fe gb-headline-text\">G<\/p>\n\n<\/div><\/div>\n\n<div class=\"gb-grid-column gb-grid-column-68d3a738\"><div class=\"gb-container gb-container-68d3a738\">\n\n<p><strong>GRN \u2013 Goods Receipt Note (goederenontvangstbewijs)<br><\/strong>Document (fysiek of digitaal) dat de ontvangst van goederen bevestigt: met informatie over de hoeveelheid, de staat en de overeenstemming met de bestelling. Basis voor voorraadboeking, reclamaties en voorraadcontrole.<\/p>\n\n\n\n<p><strong><strong>Guidance (Begeleiding)<\/strong><\/strong><br>Strategische ondersteuning bij de selectie, evaluatie en implementatie van geschikte softwareoplossingen. Guidance helpt bedrijven om hun weg te vinden in de complexe softwaremarkt door gestructureerde besluitvorming mogelijk te maken, waaronder:<\/p>\n\n\n\n<ul class=\"wp-block-list\">\n<li>Analyse van vereisten: Identificatie van specifieke bedrijfsbehoeften.<\/li>\n<\/ul>\n\n\n\n<ul class=\"wp-block-list\">\n<li>Vergelijking van oplossingen: Beoordeling van functionaliteit, integratiemogelijkheden en kosten.<\/li>\n<\/ul>\n\n\n\n<ul class=\"wp-block-list\">\n<li>Best practices &amp; aanbevelingen: Ori\u00ebntatie op bewezen methoden en markttrends.&nbsp;<\/li>\n<\/ul>\n\n\n\n<p>Dankzij gerichte begeleiding kunnen bedrijven software kiezen die duurzaam aansluit bij hun doelen.<\/p>\n\n<\/div><\/div>\n<\/div>\n\n\n<hr class=\"wp-block-separator has-alpha-channel-opacity\"\/>\n\n\n<div class=\"gb-grid-wrapper gb-grid-wrapper-7a8caa44\">\n<div class=\"gb-grid-column gb-grid-column-b67a4980\"><div class=\"gb-container gb-container-b67a4980\">\n\n<p class=\"gb-headline gb-headline-56dc69e0 gb-headline-text\">H<\/p>\n\n<\/div><\/div>\n\n<div class=\"gb-grid-column gb-grid-column-63f658a3\"><div class=\"gb-container gb-container-63f658a3\">\n\n<p><strong>HDL (Human Driven Lift truck)<\/strong><br>Handmatig bestuurde intern transportmiddelen, zoals vorkheftrucks.<\/p>\n\n<\/div><\/div>\n<\/div>\n\n\n<hr class=\"wp-block-separator has-alpha-channel-opacity\"\/>\n\n\n<div class=\"gb-grid-wrapper gb-grid-wrapper-72b76ceb\">\n<div class=\"gb-grid-column gb-grid-column-344da1ce\"><div class=\"gb-container gb-container-344da1ce\">\n\n<p class=\"gb-headline gb-headline-ffb873de gb-headline-text\">I<\/p>\n\n<\/div><\/div>\n\n<div class=\"gb-grid-column gb-grid-column-9538468e\"><div class=\"gb-container gb-container-9538468e\">\n\n<p><strong>Identificatietechnologie\u00ebn<\/strong><br>Systemen zoals RFID of barcodescanning voor het automatisch vastleggen van goederenbewegingen.<\/p>\n\n\n\n<p><strong><strong>IoT (Internet of Things)<\/strong><\/strong><br>Netwerk van apparaten en sensoren voor data-analyse en procesoptimalisatie in logistiek.<\/p>\n\n<\/div><\/div>\n<\/div>\n\n\n<hr class=\"wp-block-separator has-alpha-channel-opacity\"\/>\n\n\n<div class=\"gb-grid-wrapper gb-grid-wrapper-e91794af\">\n<div class=\"gb-grid-column gb-grid-column-5b944184\"><div class=\"gb-container gb-container-5b944184\">\n\n<p class=\"gb-headline gb-headline-99861feb gb-headline-text\">K<\/p>\n\n<\/div><\/div>\n\n<div class=\"gb-grid-column gb-grid-column-91a64e8f\"><div class=\"gb-container gb-container-91a64e8f\">\n\n<p><strong><strong>AI (Kunstmatige Intelligentie)<\/strong><\/strong><br>Gebruik van algoritmes voor het optimaliseren van magazijnbewegingen, het voorspellen van vraag en het aansturen van autonome systemen.<\/p>\n\n\n\n<p><strong>KPI (Key Performance Indicator)<\/strong><br>Prestatie-indicatoren voor het meten van effici\u00ebntie.<\/p>\n\n<\/div><\/div>\n<\/div>\n\n\n<hr class=\"wp-block-separator has-alpha-channel-opacity\"\/>\n\n\n<div class=\"gb-grid-wrapper gb-grid-wrapper-203ffc05\">\n<div class=\"gb-grid-column gb-grid-column-40b88678\"><div class=\"gb-container gb-container-40b88678\">\n\n<p class=\"gb-headline gb-headline-41bf5630 gb-headline-text\">L<\/p>\n\n<\/div><\/div>\n\n<div class=\"gb-grid-column gb-grid-column-686131ad\"><div class=\"gb-container gb-container-686131ad\">\n\n<p><strong><strong>Laserlokalisatie<\/strong><\/strong><br>Methode voor nauwkeurige positiebepaling van voertuigen of objecten in een gedefinieerde magazijnomgeving. Laserstralen worden uitgezonden, gereflecteerd door de omgeving en opgevangen door sensoren. Door de reflecties te vergelijken met een digitale kaart bepaalt het systeem de exacte positie in realtime \u2013 zonder vloer markers of GPS.<\/p>\n\n\n\n<p><strong>LIFO \u2013 Last In, First Out<br><\/strong>Opslagprincipe waarbij de laatst opgeslagen goederen als eerste worden uitgenomen. Praktisch bij blokopslag en niet-bederfelijke goederen. Het is eenvoudig toe te passen, maar biedt geen controle op de ouderdom.<\/p>\n\n\n\n<p><strong><strong>WMS (Warehouse Management System)<\/strong><\/strong><br>Software voor het beheren en aansturen van magazijnvoorraden, evenals in- en uitslagprocessen.<\/p>\n\n\n\n<p><strong><strong>Cloud-WMS<\/strong><\/strong><br>Cloud gebaseerde WMS-oplossingen met schaalbaarheid en mobiele toegankelijkheid.<\/p>\n\n<\/div><\/div>\n<\/div>\n\n\n<hr class=\"wp-block-separator has-alpha-channel-opacity\"\/>\n\n\n<div class=\"gb-grid-wrapper gb-grid-wrapper-bd5390fe\">\n<div class=\"gb-grid-column gb-grid-column-12227d39\"><div class=\"gb-container gb-container-12227d39\">\n\n<p class=\"gb-headline gb-headline-d5d1ac08 gb-headline-text\">M<\/p>\n\n<\/div><\/div>\n\n<div class=\"gb-grid-column gb-grid-column-73501e02\"><div class=\"gb-container gb-container-73501e02\">\n\n<p><strong>MES (Manufacturing Execution System)<\/strong><br>Software voor realtime aansturing en monitoring van productieprocessen.<\/p>\n\n<\/div><\/div>\n<\/div>\n\n\n<hr class=\"wp-block-separator has-alpha-channel-opacity\"\/>\n\n\n<div class=\"gb-grid-wrapper gb-grid-wrapper-d05de408\">\n<div class=\"gb-grid-column gb-grid-column-5e9dc6f3\"><div class=\"gb-container gb-container-5e9dc6f3\">\n\n<p class=\"gb-headline gb-headline-2e787aee gb-headline-text\">O<\/p>\n\n<\/div><\/div>\n\n<div class=\"gb-grid-column gb-grid-column-947bb1c6\"><div class=\"gb-container gb-container-947bb1c6\">\n\n<p><strong>OEE (Overall Equipment Effectiveness)<\/strong><br>Prestatie-indicator voor de totale effectiviteit van machines in productie en logistiek.<\/p>\n\n\n\n<p><strong><strong>OLE (Overall Logistics Effectiveness)<\/strong><\/strong><br>Brede maatstaf voor de logistieke prestaties van een organisatie. Combineert factoren zoals tijdigheid, kwaliteit en productiviteit om optimalisatiekansen in de keten te identificeren.&nbsp;<\/p>\n\n\n\n<p><strong>omlox<\/strong><br>Open standaard voor locatiedata in industri\u00eble toepassingen. Maakt leverancier overschrijdende integratie van verschillende positioneringstechnologie\u00ebn (zoals LiDAR, UWB, RFID, BLE) binnen \u00e9\u00e9n systeem mogelijk. Door standaardisatie van interfaces en dataformaten biedt omlox interoperabiliteit, transparantie en toekomstbestendigheid in real-time objecttracking binnen de intra logistiek.<\/p>\n\n<\/div><\/div>\n<\/div>\n\n\n<hr class=\"wp-block-separator has-alpha-channel-opacity\"\/>\n\n\n<div class=\"gb-grid-wrapper gb-grid-wrapper-6f992251\">\n<div class=\"gb-grid-column gb-grid-column-8aece25f\"><div class=\"gb-container gb-container-8aece25f\">\n\n<p class=\"gb-headline gb-headline-9301c42f gb-headline-text\">P<\/p>\n\n<\/div><\/div>\n\n<div class=\"gb-grid-column gb-grid-column-00e67f5f\"><div class=\"gb-container gb-container-00e67f5f\">\n\n<p><strong>PO \u2013 Purchase Order (bestelling)<br><\/strong>Formele bestelling bij een leverancier met volledige gegevens over artikelen, hoeveelheid, prijs, leveringsdatum en -plaats. Juridisch bindend en centraal referentiepunt voor inkoop, goederenontvangst en factuurcontrole.<\/p>\n\n<\/div><\/div>\n<\/div>\n\n\n<hr class=\"wp-block-separator has-alpha-channel-opacity\"\/>\n\n\n<div class=\"gb-grid-wrapper gb-grid-wrapper-1aaebac3\">\n<div class=\"gb-grid-column gb-grid-column-04fed2d1\"><div class=\"gb-container gb-container-04fed2d1\">\n\n<p class=\"gb-headline gb-headline-e6e7a67b gb-headline-text\">R<\/p>\n\n<\/div><\/div>\n\n<div class=\"gb-grid-column gb-grid-column-9f3e58d2\"><div class=\"gb-container gb-container-9f3e58d2\">\n\n<p><strong><strong>RTLS (Real-Time Locating System)<\/strong><\/strong><br>Realtime tracking van objecten, mensen of voertuigen.<\/p>\n\n\n\n<p><strong><strong>Realtime gegevensverwerking<\/strong><\/strong><br>Overkoepelende term voor systemen die data real-time verwerken.<\/p>\n\n\n\n<p><strong><strong>RFID (Radio Frequency Identification)<\/strong><\/strong><br>Technologie voor draadloze identificatie en tracking van objecten.&nbsp;<\/p>\n\n\n\n<p><strong><strong>RPA (Robotic Process Automation)<\/strong><\/strong><br>Softwaregebaseerde automatisering van repetitieve taken in de intra logistiek.<\/p>\n\n<\/div><\/div>\n<\/div>\n\n\n<hr class=\"wp-block-separator has-alpha-channel-opacity\"\/>\n\n\n<div class=\"gb-grid-wrapper gb-grid-wrapper-4d20c38a\">\n<div class=\"gb-grid-column gb-grid-column-de0d26f6\"><div class=\"gb-container gb-container-de0d26f6\">\n\n<p class=\"gb-headline gb-headline-c4cb1ee5 gb-headline-text\">S<\/p>\n\n<\/div><\/div>\n\n<div class=\"gb-grid-column gb-grid-column-df77ce61\"><div class=\"gb-container gb-container-df77ce61\">\n\n<p><strong><strong>SAP WM (Warehouse Management)<\/strong><\/strong><br>Magazijnbeheer-module binnen SAP ERP.<\/p>\n\n\n\n<p><strong><strong>Scannergate<\/strong><\/strong><br>Vaste scanunit voor de automatische identificatie van goederen, pallets of ladingdragers. Door gebruik van barcodes, RFID of andere sensortechnologie\u00ebn worden goederenbewegingen contactloos en foutloos geregistreerd \u2013 voor maximale transparantie en effici\u00ebntie.<\/p>\n\n\n\n<p><strong>SCM (Supply Chain Management)<\/strong><br>Software gestuurde planning en aansturing van de gehele toeleveringsketen.<\/p>\n\n\n\n<p><strong><strong>Slotting<\/strong><\/strong><br>Algoritmische optimalisatie van magazijnindeling om loopafstanden te minimaliseren en de effici\u00ebntie te verhogen.<\/p>\n\n\n\n<p><strong><strong>SLS (Vorkheftruckgeleidingssysteem)<\/strong><\/strong><br>Softwareoplossing voor intelligente aansturing van heftrucks. Optimaliseert routes, vermindert leegritten en verhoogt de effici\u00ebntie. Integreert realtime data voor dynamische taakverdeling.<\/p>\n\n\n\n<p><strong><strong>S&amp;OP (Sales and Operations Planning)<\/strong><\/strong><br>Bedrijfsbreed planningsproces dat verkoop, productie, inkoop en financi\u00ebn op elkaar afstemt. Doel: knelpunten vermijden, voorraden optimaliseren en leverbetrouwbaarheid verbeteren.<\/p>\n\n\n\n<p><strong><strong>Supply Chain (Toeleveringsketen)<\/strong><\/strong><br>Netwerk van bedrijven, mensen, processen, informatie en middelen die betrokken zijn bij het produceren en leveren van een product. Omvat alle stappen van grondstofleverancier tot eindklant. Effectief supply chain management zorgt voor geco\u00f6rdineerde processen, lagere kosten en hogere leverbetrouwbaarheid.<\/p>\n\n\n\n<p><strong>SKU \u2013 Stock Keeping Unit (voorraadeenheid)<br><\/strong>Unieke artikelidentificatie voor een product met een specifieke variant, bijvoorbeeld kleur, maat of verpakkingseenheid. Onmisbaar voor nauwkeurig voorraadbeheer en artikelgerelateerde analyse.<\/p>\n\n<\/div><\/div>\n<\/div>\n\n\n<hr class=\"wp-block-separator has-alpha-channel-opacity\"\/>\n\n\n<div class=\"gb-grid-wrapper gb-grid-wrapper-e0363e86\">\n<div class=\"gb-grid-column gb-grid-column-09c54fc0\"><div class=\"gb-container gb-container-09c54fc0\">\n\n<p class=\"gb-headline gb-headline-34e72a2d gb-headline-text\">T<\/p>\n\n<\/div><\/div>\n\n<div class=\"gb-grid-column gb-grid-column-184da758\"><div class=\"gb-container gb-container-184da758\">\n\n<p><strong>TMS (Transport Management System)<\/strong><br>Software voor het plannen, uitvoeren en optimaliseren van transportprocessen.<\/p>\n\n\n\n<p><strong>Track &amp; Trace<\/strong><br>Real-time tracking van zendingen en goederenbewegingen binnen de supply chain.<\/p>\n\n<\/div><\/div>\n<\/div>\n\n\n<hr class=\"wp-block-separator has-alpha-channel-opacity\"\/>\n\n\n<div class=\"gb-grid-wrapper gb-grid-wrapper-7c0071cd\">\n<div class=\"gb-grid-column gb-grid-column-08014425\"><div class=\"gb-container gb-container-08014425\">\n\n<p class=\"gb-headline gb-headline-d3005457 gb-headline-text\">U<\/p>\n\n<\/div><\/div>\n\n<div class=\"gb-grid-column gb-grid-column-eafc5b4a\"><div class=\"gb-container gb-container-eafc5b4a\">\n\n<p><strong><strong>UWB (Ultra Wideband)<\/strong><\/strong><br>Radiotechnologie voor real-time lokalisatie van objecten in het magazijn. In tegenstelling tot andere positioneringstechnieken biedt UWB centimeter-nauwkeurigheid met minimale latentie. Ideaal voor dynamische magazijnomgevingen en toepassingen zoals automatische goederenvolging, voertuignavigatie of veiligheidszones.&nbsp;<\/p>\n\n<\/div><\/div>\n<\/div>\n\n\n<hr class=\"wp-block-separator has-alpha-channel-opacity\"\/>\n\n\n<div class=\"gb-grid-wrapper gb-grid-wrapper-223e1186\">\n<div class=\"gb-grid-column gb-grid-column-c31b1a0e\"><div class=\"gb-container gb-container-c31b1a0e\">\n\n<p class=\"gb-headline gb-headline-92a3d2d8 gb-headline-text\">W<\/p>\n\n<\/div><\/div>\n\n<div class=\"gb-grid-column gb-grid-column-b7f720a9\"><div class=\"gb-container gb-container-b7f720a9\">\n\n<p><strong><strong>WES (Warehouse Execution System)<\/strong><\/strong><br>Softwareoplossing voor de operationele aansturing van alle magazijnprocessen in real-time. In tegenstelling tot klassieke WMS-oplossingen werkt WES dichter op de werkvloer en verzorgt het de tactische taakverdeling tussen mens en machine. Gebruikt real-time gegevens van RTLS en IoT-sensoren voor dynamische en AI-gestuurde co\u00f6rdinatie \u2013 onafhankelijk van voertuigtype (bijv. AMR, HDL). Doel: maximale effici\u00ebntie en transparantie in dagelijkse operaties.<\/p>\n\n\n\n<p><strong><strong>WMS (Warehouse Management System)<\/strong><\/strong><br>Software voor het beheer en de aansturing van magazijnprocessen, vaak ge\u00efntegreerd in ERP-systemen.<\/p>\n\n\n\n<p><strong>Workflowautomatisering<\/strong><br>Digitalisering en optimalisatie van logistieke werkprocessen om effici\u00ebntie te verhogen.<\/p>\n\n<\/div><\/div>\n<\/div>\n<\/div>\n\n<div class=\"gb-container gb-container-e17d7277\">\n<div class=\"gb-button-wrapper gb-button-wrapper-f405b1bd\">\n\n<a class=\"gb-button gb-button-021b7eb4 gb-button-text\" href=\"https:\/\/identpro.de\/wp-content\/uploads\/2025\/10\/Glossar-2025-NL.pdf\" target=\"_blank\" rel=\"noopener noreferrer\">Download de woordenlijst als PDF<\/a>\n\n<\/div>\n<\/div>\n\n<div class=\"gb-container gb-container-f9494b1f alignfull\"><\/div>","protected":false},"excerpt":{"rendered":"<p>Woordenlijst: Intralogistiek Focus op Softwareoplossingen Deze woordenlijst biedt een overzicht van belangrijke termen in de intralogistiek met een bijzondere focus op softwaregestuurde oplossingen.&nbsp;<\/p>\n","protected":false},"author":2,"featured_media":0,"parent":0,"menu_order":0,"comment_status":"closed","ping_status":"closed","template":"","meta":{"content-type":"","_uag_custom_page_level_css":"","_lmt_disableupdate":"","_lmt_disable":"","_kad_blocks_custom_css":"","_kad_blocks_head_custom_js":"","_kad_blocks_body_custom_js":"","_kad_blocks_footer_custom_js":"","slim_seo":{"title":"Woordenlijst Intralogistiek - Identpro","description":""},"footnotes":""},"class_list":["post-9496","page","type-page","status-publish"],"taxonomy_info":[],"featured_image_src_large":false,"author_info":{"display_name":"Jennifer Hahn","author_link":"https:\/\/identpro.de\/nl\/author\/jennifer\/"},"comment_info":0,"uagb_featured_image_src":{"full":false,"thumbnail":false,"medium":false,"medium_large":false,"large":false,"1536x1536":false,"2048x2048":false,"ultp_layout_landscape_large":false,"ultp_layout_landscape":false,"ultp_layout_portrait":false,"ultp_layout_square":false},"uagb_author_info":{"display_name":"Jennifer Hahn","author_link":"https:\/\/identpro.de\/nl\/author\/jennifer\/"},"uagb_comment_info":0,"uagb_excerpt":"Woordenlijst: Intralogistiek Focus op Softwareoplossingen Deze woordenlijst biedt een overzicht van belangrijke termen in de intralogistiek met een bijzondere focus op softwaregestuurde oplossingen.&nbsp;","_links":{"self":[{"href":"https:\/\/identpro.de\/nl\/wp-json\/wp\/v2\/pages\/9496","targetHints":{"allow":["GET"]}}],"collection":[{"href":"https:\/\/identpro.de\/nl\/wp-json\/wp\/v2\/pages"}],"about":[{"href":"https:\/\/identpro.de\/nl\/wp-json\/wp\/v2\/types\/page"}],"author":[{"embeddable":true,"href":"https:\/\/identpro.de\/nl\/wp-json\/wp\/v2\/users\/2"}],"replies":[{"embeddable":true,"href":"https:\/\/identpro.de\/nl\/wp-json\/wp\/v2\/comments?post=9496"}],"version-history":[{"count":7,"href":"https:\/\/identpro.de\/nl\/wp-json\/wp\/v2\/pages\/9496\/revisions"}],"predecessor-version":[{"id":11252,"href":"https:\/\/identpro.de\/nl\/wp-json\/wp\/v2\/pages\/9496\/revisions\/11252"}],"wp:attachment":[{"href":"https:\/\/identpro.de\/nl\/wp-json\/wp\/v2\/media?parent=9496"}],"curies":[{"name":"wp","href":"https:\/\/api.w.org\/{rel}","templated":true}]}}